{"id":3,"date":"2021-02-02T14:15:04","date_gmt":"2021-02-02T13:15:04","guid":{"rendered":"https:\/\/depistagecancer-ge.fr\/aube\/accueil\/"},"modified":"2024-04-17T14:49:08","modified_gmt":"2024-04-17T12:49:08","slug":"accueil","status":"publish","type":"page","link":"https:\/\/depistagecancer-ge.fr\/aube\/","title":{"rendered":"Accueil"},"content":{"rendered":"\n<blockquote id=\"blockquote-block_2a7ee8b32f85cb301cb8f56cff075015\"  class=\"blockquote blockquote--medium\">\n\n\t\n\t\t<div class=\"blockquote-content\" style=\"border-left-color: #FB3766\">\n\t\t<p style=\"text-align: center\"><strong>Le site de l\u2019Aube du CRCDC Grand Est vous souhaite la bienvenue sur sa page !<\/strong><\/p>\n\t<\/div>\n\t\n\t\n<\/blockquote>\n\n\n<p>L\u2019\u00e9quipe territoriale auboise du CRCDC Grand Est est \u00e0 votre \u00e9coute pour toute demande concernant les d\u00e9pistages des cancers et leur suivi sur le territoire de l&rsquo;Aube, du lundi au vendredi de 8h30 \u00e0 16h30.<\/p>\n\n\n\n<div class=\"wp-block-columns is-layout-flex wp-container-core-columns-is-layout-1 wp-block-columns-is-layout-flex\">\n<div class=\"wp-block-column is-layout-flow wp-block-column-is-layout-flow\" style=\"flex-basis:33.33%\">\n<p>Nous contacter :<\/p>\n<\/div>\n\n\n\n<div class=\"wp-block-column is-layout-flow wp-block-column-is-layout-flow\" style=\"flex-basis:66.66%\">\n<div class=\"wp-block-group\"><div class=\"wp-block-group__inner-container is-layout-flow wp-block-group-is-layout-flow\">\n<p>03 25 41 62 87<br>Sein et Colon : contact10@depistagecancer-ge.fr         <\/p>\n\n\n\n<p>Col de l&rsquo;ut\u00e9rus : contact10col@depistagecancer-ge.fr<\/p>\n<\/div><\/div>\n<\/div>\n<\/div>\n\n\n\n<div class=\"wp-block-columns is-layout-flex wp-container-core-columns-is-layout-2 wp-block-columns-is-layout-flex\">\n<div class=\"wp-block-column is-layout-flow wp-block-column-is-layout-flow\" style=\"flex-basis:33.33%\">\n<p>Adresse postale :    <\/p>\n<\/div>\n\n\n\n<div class=\"wp-block-column is-layout-flow wp-block-column-is-layout-flow\" style=\"flex-basis:66.66%\">\n<p>    <a rel=\"noreferrer noopener\" href=\"https:\/\/goo.gl\/maps\/Zemt5hNhBVck18986\" data-type=\"URL\" data-id=\"https:\/\/goo.gl\/maps\/Zemt5hNhBVck18986\" target=\"_blank\">CRCDC Grand Est \u2013 Site de l&rsquo;Aube<\/a><br>    14 rue Jean-Louis Delaporte<br>    10000 TROYES<\/p>\n<\/div>\n<\/div>\n\n\n\n<p>            <\/p>\n\n\n\n<div class=\"wp-block-group\"><div class=\"wp-block-group__inner-container is-layout-flow wp-block-group-is-layout-flow\">\n<div class=\"wp-block-group\"><div class=\"wp-block-group__inner-container is-layout-flow wp-block-group-is-layout-flow\">\n<div class=\"wp-block-group\"><div class=\"wp-block-group__inner-container is-layout-flow wp-block-group-is-layout-flow\">\n<div class=\"wp-block-group\"><div class=\"wp-block-group__inner-container is-layout-flow wp-block-group-is-layout-flow\">\n<div class=\"wp-block-group\"><div class=\"wp-block-group__inner-container is-layout-flow wp-block-group-is-layout-flow\">\n<div class=\"wp-block-group is-layout-flow wp-block-group-is-layout-flow\"><div class=\"wp-block-group__inner-container\"><\/div><\/div>\n<\/div><\/div>\n<\/div><\/div>\n<\/div><\/div>\n<\/div><\/div>\n<\/div><\/div>\n\n\n\n<p><\/p>\n","protected":false},"excerpt":{"rendered":"<p>L\u2019\u00e9quipe territoriale auboise du CRCDC Grand Est est \u00e0 votre \u00e9coute pour toute demande concernant les d\u00e9pistages des cancers et leur suivi sur le territoire de l&rsquo;Aube, du lundi au vendredi de 8h30 \u00e0 16h30. Nous contacter : 03 25 41 62 87Sein et Colon : contact10@depistagecancer-ge.fr Col de l&rsquo;ut\u00e9rus : contact10col@depistagecancer-ge.fr Adresse postale : [&hellip;]<\/p>\n","protected":false},"author":3,"featured_media":0,"parent":0,"menu_order":1,"comment_status":"closed","ping_status":"closed","template":"","meta":{"footnotes":""},"class_list":["post-3","page","type-page","status-publish","hentry"],"acf":[],"yoast_head":"<!-- This site is optimized with the Yoast SEO plugin v25.6 - https:\/\/yoast.com\/wordpress\/plugins\/seo\/ -->\n<title>Accueil - Site de l\u2019Aube<\/title>\n<meta name=\"robots\" content=\"index, follow, max-snippet:-1, max-image-preview:large, max-video-preview:-1\" \/>\n<link rel=\"canonical\" href=\"https:\/\/depistagecancer-ge.fr\/aube\/\" \/>\n<meta property=\"og:locale\" content=\"fr_FR\" \/>\n<meta property=\"og:type\" content=\"article\" \/>\n<meta property=\"og:title\" content=\"Accueil - Site de l\u2019Aube\" \/>\n<meta property=\"og:description\" content=\"L\u2019\u00e9quipe territoriale auboise du CRCDC Grand Est est \u00e0 votre \u00e9coute pour toute demande concernant les d\u00e9pistages des cancers et leur suivi sur le territoire de l&rsquo;Aube, du lundi au vendredi de 8h30 \u00e0 16h30. Nous contacter : 03 25 41 62 87Sein et Colon : contact10@depistagecancer-ge.fr Col de l&rsquo;ut\u00e9rus : contact10col@depistagecancer-ge.fr Adresse postale : [&hellip;]\" \/>\n<meta property=\"og:url\" content=\"https:\/\/depistagecancer-ge.fr\/aube\/\" \/>\n<meta property=\"og:site_name\" content=\"Site de l\u2019Aube\" \/>\n<meta property=\"article:modified_time\" content=\"2024-04-17T12:49:08+00:00\" \/>\n<meta name=\"twitter:card\" content=\"summary_large_image\" \/>\n<script type=\"application\/ld+json\" class=\"yoast-schema-graph\">{\"@context\":\"https:\/\/schema.org\",\"@graph\":[{\"@type\":\"WebPage\",\"@id\":\"https:\/\/depistagecancer-ge.fr\/aube\/\",\"url\":\"https:\/\/depistagecancer-ge.fr\/aube\/\",\"name\":\"Accueil - Site de l\u2019Aube\",\"isPartOf\":{\"@id\":\"https:\/\/depistagecancer-ge.fr\/aube\/#website\"},\"datePublished\":\"2021-02-02T13:15:04+00:00\",\"dateModified\":\"2024-04-17T12:49:08+00:00\",\"breadcrumb\":{\"@id\":\"https:\/\/depistagecancer-ge.fr\/aube\/#breadcrumb\"},\"inLanguage\":\"fr-FR\",\"potentialAction\":[{\"@type\":\"ReadAction\",\"target\":[\"https:\/\/depistagecancer-ge.fr\/aube\/\"]}]},{\"@type\":\"BreadcrumbList\",\"@id\":\"https:\/\/depistagecancer-ge.fr\/aube\/#breadcrumb\",\"itemListElement\":[{\"@type\":\"ListItem\",\"position\":1,\"name\":\"Accueil\",\"item\":\"https:\/\/depistagecancer-ge.fr\/aube\/\"},{\"@type\":\"ListItem\",\"position\":2,\"name\":\"Accueil\"}]},{\"@type\":\"WebSite\",\"@id\":\"https:\/\/depistagecancer-ge.fr\/aube\/#website\",\"url\":\"https:\/\/depistagecancer-ge.fr\/aube\/\",\"name\":\"Site de l\u2019Aube\",\"description\":\"Centre R\u00e9gional de Coordination des D\u00e9pistages des Cancers de la r\u00e9gion Grand-Est\",\"potentialAction\":[{\"@type\":\"SearchAction\",\"target\":{\"@type\":\"EntryPoint\",\"urlTemplate\":\"https:\/\/depistagecancer-ge.fr\/aube\/?s={search_term_string}\"},\"query-input\":{\"@type\":\"PropertyValueSpecification\",\"valueRequired\":true,\"valueName\":\"search_term_string\"}}],\"inLanguage\":\"fr-FR\"}]}<\/script>\n<!-- \/ Yoast SEO plugin. -->","yoast_head_json":{"title":"Accueil - Site de l\u2019Aube","robots":{"index":"index","follow":"follow","max-snippet":"max-snippet:-1","max-image-preview":"max-image-preview:large","max-video-preview":"max-video-preview:-1"},"canonical":"https:\/\/depistagecancer-ge.fr\/aube\/","og_locale":"fr_FR","og_type":"article","og_title":"Accueil - Site de l\u2019Aube","og_description":"L\u2019\u00e9quipe territoriale auboise du CRCDC Grand Est est \u00e0 votre \u00e9coute pour toute demande concernant les d\u00e9pistages des cancers et leur suivi sur le territoire de l&rsquo;Aube, du lundi au vendredi de 8h30 \u00e0 16h30. Nous contacter : 03 25 41 62 87Sein et Colon : contact10@depistagecancer-ge.fr Col de l&rsquo;ut\u00e9rus : contact10col@depistagecancer-ge.fr Adresse postale : [&hellip;]","og_url":"https:\/\/depistagecancer-ge.fr\/aube\/","og_site_name":"Site de l\u2019Aube","article_modified_time":"2024-04-17T12:49:08+00:00","twitter_card":"summary_large_image","schema":{"@context":"https:\/\/schema.org","@graph":[{"@type":"WebPage","@id":"https:\/\/depistagecancer-ge.fr\/aube\/","url":"https:\/\/depistagecancer-ge.fr\/aube\/","name":"Accueil - Site de l\u2019Aube","isPartOf":{"@id":"https:\/\/depistagecancer-ge.fr\/aube\/#website"},"datePublished":"2021-02-02T13:15:04+00:00","dateModified":"2024-04-17T12:49:08+00:00","breadcrumb":{"@id":"https:\/\/depistagecancer-ge.fr\/aube\/#breadcrumb"},"inLanguage":"fr-FR","potentialAction":[{"@type":"ReadAction","target":["https:\/\/depistagecancer-ge.fr\/aube\/"]}]},{"@type":"BreadcrumbList","@id":"https:\/\/depistagecancer-ge.fr\/aube\/#breadcrumb","itemListElement":[{"@type":"ListItem","position":1,"name":"Accueil","item":"https:\/\/depistagecancer-ge.fr\/aube\/"},{"@type":"ListItem","position":2,"name":"Accueil"}]},{"@type":"WebSite","@id":"https:\/\/depistagecancer-ge.fr\/aube\/#website","url":"https:\/\/depistagecancer-ge.fr\/aube\/","name":"Site de l\u2019Aube","description":"Centre R\u00e9gional de Coordination des D\u00e9pistages des Cancers de la r\u00e9gion Grand-Est","potentialAction":[{"@type":"SearchAction","target":{"@type":"EntryPoint","urlTemplate":"https:\/\/depistagecancer-ge.fr\/aube\/?s={search_term_string}"},"query-input":{"@type":"PropertyValueSpecification","valueRequired":true,"valueName":"search_term_string"}}],"inLanguage":"fr-FR"}]}},"_links":{"self":[{"href":"https:\/\/depistagecancer-ge.fr\/aube\/wp-json\/wp\/v2\/pages\/3"}],"collection":[{"href":"https:\/\/depistagecancer-ge.fr\/aube\/wp-json\/wp\/v2\/pages"}],"about":[{"href":"https:\/\/depistagecancer-ge.fr\/aube\/wp-json\/wp\/v2\/types\/page"}],"author":[{"embeddable":true,"href":"https:\/\/depistagecancer-ge.fr\/aube\/wp-json\/wp\/v2\/users\/3"}],"replies":[{"embeddable":true,"href":"https:\/\/depistagecancer-ge.fr\/aube\/wp-json\/wp\/v2\/comments?post=3"}],"version-history":[{"count":36,"href":"https:\/\/depistagecancer-ge.fr\/aube\/wp-json\/wp\/v2\/pages\/3\/revisions"}],"predecessor-version":[{"id":147,"href":"https:\/\/depistagecancer-ge.fr\/aube\/wp-json\/wp\/v2\/pages\/3\/revisions\/147"}],"wp:attachment":[{"href":"https:\/\/depistagecancer-ge.fr\/aube\/wp-json\/wp\/v2\/media?parent=3"}],"curies":[{"name":"wp","href":"https:\/\/api.w.org\/{rel}","templated":true}]}}